{"id":27,"date":"2015-10-19T20:37:52","date_gmt":"2015-10-19T23:37:52","guid":{"rendered":"http:\/\/www.eldiariodesanpedro.com.ar\/?page_id=27"},"modified":"2015-12-04T10:37:38","modified_gmt":"2015-12-04T13:37:38","slug":"quienes-somos","status":"publish","type":"page","link":"https:\/\/eldiariodesanpedro.com.ar\/sitio\/quienes-somos\/","title":{"rendered":"Quienes Somos"},"content":{"rendered":"<p><!-- VideographyWP Plugin Message: Automatic video embedding prevented by plugin options. --><br \/>\nEl Diario de San Pedro es el \u00fanico\u00a0<strong>medio gr\u00e1fico de aparici\u00f3n diaria\u00a0<\/strong>\u00a0(lo hace de lunes a s\u00e1bados inclusive), con distribuci\u00f3n en todo el partido de San pedro\u00a0(Gobernador Castro, Ri\u00f3 Tala, Pueblo Doyle, santa Lucia y zona de influencia),\u00a0<strong>reconocido de manera exclusiva por la Suprema Corte de Justicia,\u00a0<\/strong>para la\u00a0<strong>publicaci\u00f3n\u00a0 con validez legal de Edictos y Convocatoria a Asambleas,\u00a0<\/strong>en el Partido de San Pedro y Baradero. Sumado a ello se trata del\u00a0<strong>\u00danico Diario,\u00a0<\/strong>el cual cuenta actualmente con una tirada superior \u00a0a los 10.000 ejemplares mensuales, convirti\u00e9ndose en el de mayor tirada local.<\/p>\n<p>Es impreso en talleres propios en San Pedro , y lo destacan la calidad de las notas period\u00edsticas que posee, escritas por \u00a0dos \u00a0de los mejores periodistas de nuestra ciudad Betty Rodriguez y Mariano Hansen , cuenta adem\u00e1s con las distintas secciones entre las que podemos nombrar nuestra columna editorial, las noticias locales, nacionales e internacionales de la \u00a0mano de las m\u00e1s prestigiosas agencias \u00a0de noticias, el deporte local y nacional, las curiosidades , efem\u00e9rides, santoral, farmacias de turno, necrol\u00f3gicas , nuestra secci\u00f3n rural, cotizaciones a la fecha , nuestras curiosidades, la secci\u00f3n de clasificados y legal donde encontrara los edictos judiciales, podr\u00e1 ver adem\u00e1s nuestra secci\u00f3n \u00bb \u00a0La buena Suerte \u00bb ( con lo h\u00edpico y los n\u00fameros de la quiniela provincial, nacional y t\u00f3mbola ) , y el hor\u00f3scopo diario de su signo.<\/p>\n<p>&nbsp;<\/p>\n<p><strong>UN POCO DE NUESTRA HISTORIA (para que sepan de d\u00f3nde venimos)<\/strong><\/p>\n<p>&nbsp;<\/p>\n<p>EL NACIMIENTO<\/p>\n<p>Como todo diario, \u00abEl Diario de Escobar\u00bb tiene una fecha de \u00a0nacimiento:<\/p>\n<p>Fue el 8 de abril de 1997 en Escobar; Sin embargo la historia comienza mucho antes. Es la consecuencia de a\u00f1os de trabajo, asimilaci\u00f3n de conocimientos y adaptaci\u00f3n a la realidad social del distrito y a la situaci\u00f3n econ\u00f3mica del pa\u00eds, pero aventurarse en este terreno implicar\u00eda mucho tiempo.<\/p>\n<p>El Diario fue fundado por Carlos H. Maipah y Diego Curutchague.<\/p>\n<p>En la actualidad se encuentra \u00a0 ejerciendo \u00a0la \u00a0Direcci\u00f3n General y Direcci\u00f3n Administrativa\u00a0\u00a0Diego Curutchague, aunque tiempo atr\u00e1s paso a operar bajo el paraguas protector de Editorial Cuma S.R.L.<\/p>\n<p>Por aquel entonces en su nacimiento \u00ablas oficinas\u00bb se limitaban a un local \u00a0dentro de una galer\u00eda, frente \u00a0a la plaza principal de Escobar. Sus 18 metros cuadrados albergaban \u00a0el \u00e1rea de distribuci\u00f3n, redacci\u00f3n , diagramaci\u00f3n \u00a0 y gerencia, claro &#8230; en total trabajaban tres personas \u00a0incluidos sus propietarios; se contaba con una computadora propia de \u00faltima generaci\u00f3n utilizada para la diagramaci\u00f3n) y la segunda computadora era una vieja m\u00e1quina con disquetera de tres cuartos, en ella se redactaban las notas , antes de las 20,30 hab\u00eda que transmitir por tel\u00e9fono ( fax m\u00f3dem ) los originales, la transmisi\u00f3n de datos demandaba entre veinte y treinta minutos cada d\u00eda y el menor inconveniente en ese lapso obligaba a reiniciar la operaci\u00f3n , a la madrugada viajaba todos los d\u00edas un autom\u00f3vil que tra\u00eda los paquetes con la edici\u00f3n.<\/p>\n<p>Al poco tiempo se cumplieron los requisitos exigidos por el Ministerio de Justicia y fue designado como \u00a0\u00ab\u00fanico medio gr\u00e1fico reconocido oficialmente \u00a0para la publicaci\u00f3n de edictos y dem\u00e1s publicaciones oficiales\u00bb.<\/p>\n<p>&nbsp;<\/p>\n<p>LOS VALIENTES ESCAPAN&#8230; HACIA ADELANTE.<\/p>\n<p>La grave situaci\u00f3n econ\u00f3mica obligaba \u00a0aun cambio brusco en la estructura. Los diferentes medios period\u00edsticos, fundamentalmente los del interior (y Escobar no fue la excepci\u00f3n) buscaron acomodarse conforme \u00a0a las nuevas reglas de juego. Hubo quienes de desfrecuenciaron, otros prefirieron, achicar sus formatos o reducir el n\u00famero de p\u00e1ginas y muchos directamente desaparecieron. En el caso de \u00a0\u00abEl Diario de Escobar\u00bb se aplic\u00f3 una estrategia de cambio profundo. Con la firme convicci\u00f3n que \u00bb los tiempos de crisis son tiempos de grandes oportunidades\u00bb. Es as\u00ed como el 9 de julio de 2002 se inauguran las nuevas oficinas en el primer piso de Mitr\u00e9 538, en plena zona comercial a escasos 50 metros de la avenida principal y a 150 metros de la oficina anterior. La nueva casa superaba con holgura los 200 metros cuadrados y permit\u00eda albergar las \u00e1reas que surgir\u00edan como consecuencia de la concreci\u00f3n \u00a0de otras metas de crecimiento ya \u00a0proyectadas. El escape hacia adelante no consisti\u00f3 solo en la mudanza. \u00abEl Diario de Escobar\u00bb hab\u00eda crecido nuevamente. Esta vez hasta las 24 p\u00e1ginas, incorporo secciones (deportes, automovilismo, cultura, arquitectura, moda y belleza, inform\u00e1tica, turismo y una gu\u00eda de espect\u00e1culos y actividades para el fin de semana) tambi\u00e9n sumo el servicio de las agencias provinciales AIBA Y NOVA y toda la \u00a0informaci\u00f3n nacional a trav\u00e9s de Noticias Argentinas, comenz\u00f3 a salir los S\u00e1bados, ya no era \u00abel diarito\u00bb como cari\u00f1osamente lo hab\u00edan bautizado los vecinos en tiempo de los primeros pasos.<\/p>\n<p>&nbsp;<\/p>\n<p>NACEN SUS HERMANOS EN SAN PEDRO Y BARADERO<\/p>\n<p>El 14 de Julio nace \u00abEl Diario de Baradero\u00bb, fruto del esfuerzo de los fundadores de \u00abEl Diario de Escobar\u00bb y el apoyo de un reducido grupo de inversores que creyeron en el proyecto.<\/p>\n<p>Apenas \u00a0tres meses despu\u00e9s un 7 de octubre naci\u00f3 \u00abEl Diario de San Pedro\u00bb. Cada uno de ellos cuenta con sus oficinas propias en el coraz\u00f3n de su ciudad y con una dotaci\u00f3n que permite que cada ma\u00f1ana los ejemplares ganen la calle: periodistas, fot\u00f3grafos, redactores, encargados de oficina y productores. En cada ciudad se obtiene todo el material y se lo redacta desde all\u00ed, las im\u00e1genes y contenidos son transmitidos a trav\u00e9s de Internet, el dise\u00f1o se realiza en Escobar igual que la impresi\u00f3n. Un \u00a0m\u00f3vil part\u00eda cada madrugada \u00a0hacia ambas ciudades llevando las ediciones que, adem\u00e1s, llegan a las poblaciones de esos distritos P\u00f3rtela (en el l\u00edmite con Capit\u00e1n Sarmiento), Alsina, Colonia Suiza, Gobernador Castro (en el l\u00edmite con Ramallo), Rio Tala, Pueblo Doyle (al l\u00edmite con Bartolom\u00e9 Mitre, es decir Arrecifes) y Santa Lucia \u00a0(en el l\u00edmite con Pergamino).<\/p>\n<p>&nbsp;<\/p>\n<p>\u00a1\u00a1\u00a1SAN PEDRO NO SE QUEDO ATR\u00c1S EN ESTE CRECIMIENTO!!!<\/p>\n<p>Luego de \u00a0descentralizar la impresi\u00f3n, desde la administraci\u00f3n de San Pedro decidieron hacer una de las mayores apuestas, apuntando al crecimiento en la imagen del \u00a0medio.<\/p>\n<p>Decidieron mudarse de las hist\u00f3ricas oficinas de Pellegrini 664 y buscar un \u00a0punto Estrat\u00e9gico donde no puede escapar \u00a0a los ojos de ning\u00fan Sampedrino, mudando las oficinas a Mitre 1085 (casi Mitre y 3 de Febrero), se cambi\u00f3 el formato del diario, se mejor\u00f3 su calidad de impresi\u00f3n, y se comenz\u00f3 a trabajar en la p\u00e1gina web del diario \u00abwww.eldiariodesanpedro.com.ar\u00bb para poder brindar otro servicio m\u00e1s a todos nuestros lectores, quienes nos han acompa\u00f1ado y apoyado aun en \u00e9pocas de vacas flacas.<br \/>\nAl d\u00eda de la fecha se sigue trabajando, todos los d\u00edas, con mucho esfuerzo, mucho sacrificio, pero una gran satisfacci\u00f3n, porque en medio de la tormenta, y mientras otros medios, pecando de su soberbia y crey\u00e9ndose los due\u00f1os de noticias atrasadas, tambalean en el limbo de la incertidumbre, \u00abEl Diario de San Pedro\u00bb, crece, se reinventa y mejora d\u00eda a d\u00eda con cada una de sus tiradas.<\/p>\n<p>&nbsp;<\/p>\n","protected":false},"excerpt":{"rendered":"<p>El Diario de San Pedro es el \u00fanico\u00a0medio gr\u00e1fico de aparici\u00f3n diaria\u00a0\u00a0(lo hace de lunes a s\u00e1bados inclusive), con distribuci\u00f3n en todo el partido de San pedro\u00a0(Gobernador Castro, Ri\u00f3 Tala, Pueblo Doyle, santa Lucia y zona de influencia),\u00a0reconocido de manera exclusiva por la Suprema Corte de Justicia,\u00a0para la\u00a0publicaci\u00f3n\u00a0 con validez legal de Edictos y Convocatoria [&hellip;]<\/p>\n","protected":false},"author":2,"featured_media":0,"parent":0,"menu_order":0,"comment_status":"closed","ping_status":"closed","template":"","meta":{"om_disable_all_campaigns":false,"footnotes":""},"class_list":["post-27","page","type-page","status-publish","hentry"],"aioseo_notices":[],"jetpack_shortlink":"https:\/\/wp.me\/P6RhLt-r","jetpack_sharing_enabled":true,"_links":{"self":[{"href":"https:\/\/eldiariodesanpedro.com.ar\/sitio\/wp-json\/wp\/v2\/pages\/27","targetHints":{"allow":["GET"]}}],"collection":[{"href":"https:\/\/eldiariodesanpedro.com.ar\/sitio\/wp-json\/wp\/v2\/pages"}],"about":[{"href":"https:\/\/eldiariodesanpedro.com.ar\/sitio\/wp-json\/wp\/v2\/types\/page"}],"author":[{"embeddable":true,"href":"https:\/\/eldiariodesanpedro.com.ar\/sitio\/wp-json\/wp\/v2\/users\/2"}],"replies":[{"embeddable":true,"href":"https:\/\/eldiariodesanpedro.com.ar\/sitio\/wp-json\/wp\/v2\/comments?post=27"}],"version-history":[{"count":3,"href":"https:\/\/eldiariodesanpedro.com.ar\/sitio\/wp-json\/wp\/v2\/pages\/27\/revisions"}],"predecessor-version":[{"id":273,"href":"https:\/\/eldiariodesanpedro.com.ar\/sitio\/wp-json\/wp\/v2\/pages\/27\/revisions\/273"}],"wp:attachment":[{"href":"https:\/\/eldiariodesanpedro.com.ar\/sitio\/wp-json\/wp\/v2\/media?parent=27"}],"curies":[{"name":"wp","href":"https:\/\/api.w.org\/{rel}","templated":true}]}}